{"id":29899,"date":"2024-01-18T16:12:22","date_gmt":"2024-01-18T15:12:22","guid":{"rendered":"https:\/\/verticalwavesproject.com\/cosimo\/"},"modified":"2024-03-01T12:16:55","modified_gmt":"2024-03-01T11:16:55","slug":"cosimo","status":"publish","type":"page","link":"https:\/\/verticalwavesproject.com\/en\/cosimo\/","title":{"rendered":"\u200bCOSIMO"},"content":{"rendered":"\t\t<div data-elementor-type=\"wp-page\" data-elementor-id=\"29899\" class=\"elementor elementor-29899 elementor-28874\">\n\t\t\t\t\t\t<section class=\"elementor-section elementor-top-section elementor-element elementor-element-b1f3884 elementor-section-full_width elementor-section-height-default elementor-section-height-default\" data-id=\"b1f3884\" data-element_type=\"section\" data-e-type=\"section\" data-settings=\"{&quot;background_background&quot;:&quot;classic&quot;}\">\n\t\t\t\t\t\t<div class=\"elementor-container elementor-column-gap-default\">\n\t\t\t\t\t<div class=\"elementor-column elementor-col-100 elementor-top-column elementor-element elementor-element-cdfc275\" data-id=\"cdfc275\" data-element_type=\"column\" data-e-type=\"column\">\n\t\t\t<div class=\"elementor-widget-wrap elementor-element-populated\">\n\t\t\t\t\t\t<div class=\"elementor-element elementor-element-36fa794 elementor-widget elementor-widget-spacer\" data-id=\"36fa794\" data-element_type=\"widget\" data-e-type=\"widget\" data-widget_type=\"spacer.default\">\n\t\t\t\t<div class=\"elementor-widget-container\">\n\t\t\t\t\t\t\t<div class=\"elementor-spacer\">\n\t\t\t<div class=\"elementor-spacer-inner\"><\/div>\n\t\t<\/div>\n\t\t\t\t\t\t<\/div>\n\t\t\t\t<\/div>\n\t\t\t\t\t<\/div>\n\t\t<\/div>\n\t\t\t\t\t<\/div>\n\t\t<\/section>\n\t\t\t\t<section class=\"elementor-section elementor-top-section elementor-element elementor-element-667d0fb elementor-section-full_width elementor-section-height-default elementor-section-height-default\" data-id=\"667d0fb\" data-element_type=\"section\" data-e-type=\"section\" data-settings=\"{&quot;background_background&quot;:&quot;classic&quot;}\">\n\t\t\t\t\t\t<div class=\"elementor-container elementor-column-gap-no\">\n\t\t\t\t\t<div class=\"elementor-column elementor-col-20 elementor-top-column elementor-element elementor-element-9df79ab\" data-id=\"9df79ab\" data-element_type=\"column\" data-e-type=\"column\">\n\t\t\t<div class=\"elementor-widget-wrap elementor-element-populated\">\n\t\t\t\t\t\t<div class=\"elementor-element elementor-element-e919182 elementor-widget elementor-widget-beatmove_core_icon_with_text\" data-id=\"e919182\" data-element_type=\"widget\" data-e-type=\"widget\" data-widget_type=\"beatmove_core_icon_with_text.default\">\n\t\t\t\t<div class=\"elementor-widget-container\">\n\t\t\t\t\t<div class=\"qodef-shortcode qodef-m  qodef-icon-with-text  qodef-layout--top qodef--custom-icon  qodef-alignment--left\">\n\t<div class=\"qodef-m-icon-wrapper\">\n\t\t\t\t\t\t\t<\/div>\n\t<div class=\"qodef-m-content\">\n\t\t\t<h4 class=\"qodef-m-title\" style=\"margin-top: 0px;color: #FFFFFF\">\n\t\t\t\t\t<span class=\"qodef-m-title-text\">Vertical Waves Project<\/span>\n\t\t\t<\/h4>\n\t\t\t<\/div>\n<\/div>\n\t\t\t\t<\/div>\n\t\t\t\t<\/div>\n\t\t\t\t\t<\/div>\n\t\t<\/div>\n\t\t\t\t<div class=\"elementor-column elementor-col-20 elementor-top-column elementor-element elementor-element-a3939fa\" data-id=\"a3939fa\" data-element_type=\"column\" data-e-type=\"column\">\n\t\t\t<div class=\"elementor-widget-wrap elementor-element-populated\">\n\t\t\t\t\t\t<div class=\"elementor-element elementor-element-d06fff3 elementor-widget elementor-widget-beatmove_core_icon_with_text\" data-id=\"d06fff3\" data-element_type=\"widget\" data-e-type=\"widget\" data-widget_type=\"beatmove_core_icon_with_text.default\">\n\t\t\t\t<div class=\"elementor-widget-container\">\n\t\t\t\t\t<div class=\"qodef-shortcode qodef-m  qodef-icon-with-text  qodef-layout--top qodef--custom-icon  qodef-alignment--left\">\n\t<div class=\"qodef-m-icon-wrapper\">\n\t\t\t\t\t\t\t<\/div>\n\t<div class=\"qodef-m-content\">\n\t\t\t<h4 class=\"qodef-m-title\" style=\"margin-top: 0px;color: #FFFFFF\">\n\t\t\t\t\t<span class=\"qodef-m-title-text\"> With<\/span>\n\t\t\t<\/h4>\n\t\t\t<p class=\"qodef-m-text\" style=\"margin-top: 15px;color: #FFFFFF\">Marianna Andrigo, Michela Lorenzano, Valentina Milan, Silvia Zotto<\/p>\n\t<\/div>\n<\/div>\n\t\t\t\t<\/div>\n\t\t\t\t<\/div>\n\t\t\t\t\t<\/div>\n\t\t<\/div>\n\t\t\t\t<div class=\"elementor-column elementor-col-20 elementor-top-column elementor-element elementor-element-59f7085\" data-id=\"59f7085\" data-element_type=\"column\" data-e-type=\"column\">\n\t\t\t<div class=\"elementor-widget-wrap elementor-element-populated\">\n\t\t\t\t\t\t<div class=\"elementor-element elementor-element-c57cf09 elementor-widget elementor-widget-beatmove_core_icon_with_text\" data-id=\"c57cf09\" data-element_type=\"widget\" data-e-type=\"widget\" data-widget_type=\"beatmove_core_icon_with_text.default\">\n\t\t\t\t<div class=\"elementor-widget-container\">\n\t\t\t\t\t<div class=\"qodef-shortcode qodef-m  qodef-icon-with-text  qodef-layout--top qodef--custom-icon  qodef-alignment--left\">\n\t<div class=\"qodef-m-icon-wrapper\">\n\t\t\t\t\t\t\t<\/div>\n\t<div class=\"qodef-m-content\">\n\t\t\t<h4 class=\"qodef-m-title\" style=\"margin-top: 0px;color: #FFFFFF\">\n\t\t\t\t\t<span class=\"qodef-m-title-text\">Rigging<\/span>\n\t\t\t<\/h4>\n\t\t\t<p class=\"qodef-m-text\" style=\"margin-top: 15px;color: #FFFFFF\">Aldo Aliprandi\n<\/p>\n\t<\/div>\n<\/div>\n\t\t\t\t<\/div>\n\t\t\t\t<\/div>\n\t\t\t\t\t<\/div>\n\t\t<\/div>\n\t\t\t\t<div class=\"elementor-column elementor-col-20 elementor-top-column elementor-element elementor-element-f16254d\" data-id=\"f16254d\" data-element_type=\"column\" data-e-type=\"column\">\n\t\t\t<div class=\"elementor-widget-wrap elementor-element-populated\">\n\t\t\t\t\t\t<div class=\"elementor-element elementor-element-c2ec89e elementor-widget elementor-widget-beatmove_core_icon_with_text\" data-id=\"c2ec89e\" data-element_type=\"widget\" data-e-type=\"widget\" data-widget_type=\"beatmove_core_icon_with_text.default\">\n\t\t\t\t<div class=\"elementor-widget-container\">\n\t\t\t\t\t<div class=\"qodef-shortcode qodef-m  qodef-icon-with-text  qodef-layout--top qodef--custom-icon  qodef-alignment--left\">\n\t<div class=\"qodef-m-icon-wrapper\">\n\t\t\t\t\t\t\t<\/div>\n\t<div class=\"qodef-m-content\">\n\t\t\t<h4 class=\"qodef-m-title\" style=\"margin-top: 0px;color: #FFFFFF\">\n\t\t\t\t\t<span class=\"qodef-m-title-text\">Production<\/span>\n\t\t\t<\/h4>\n\t\t\t<p class=\"qodef-m-text\" style=\"margin-top: 15px;color: #FFFFFF\">2021<\/p>\n\t<\/div>\n<\/div>\n\t\t\t\t<\/div>\n\t\t\t\t<\/div>\n\t\t\t\t\t<\/div>\n\t\t<\/div>\n\t\t\t\t<div class=\"elementor-column elementor-col-20 elementor-top-column elementor-element elementor-element-426bdd1\" data-id=\"426bdd1\" data-element_type=\"column\" data-e-type=\"column\">\n\t\t\t<div class=\"elementor-widget-wrap elementor-element-populated\">\n\t\t\t\t\t\t<div class=\"elementor-element elementor-element-49c7d1d elementor-widget elementor-widget-beatmove_core_icon_with_text\" data-id=\"49c7d1d\" data-element_type=\"widget\" data-e-type=\"widget\" data-widget_type=\"beatmove_core_icon_with_text.default\">\n\t\t\t\t<div class=\"elementor-widget-container\">\n\t\t\t\t\t<div class=\"qodef-shortcode qodef-m  qodef-icon-with-text  qodef-layout--top qodef--custom-icon  qodef-alignment--left\">\n\t<div class=\"qodef-m-icon-wrapper\">\n\t\t\t\t\t\t\t<\/div>\n\t<div class=\"qodef-m-content\">\n\t\t\t<h4 class=\"qodef-m-title\" style=\"margin-top: 0px;color: #FFFFFF\">\n\t\t\t\t\t<span class=\"qodef-m-title-text\">Duration<\/span>\n\t\t\t<\/h4>\n\t\t\t<p class=\"qodef-m-text\" style=\"margin-top: 15px;color: #FFFFFF\">30 \/ 40 minutes<\/p>\n\t<\/div>\n<\/div>\n\t\t\t\t<\/div>\n\t\t\t\t<\/div>\n\t\t\t\t\t<\/div>\n\t\t<\/div>\n\t\t\t\t\t<\/div>\n\t\t<\/section>\n\t\t\t\t<section class=\"elementor-section elementor-top-section elementor-element elementor-element-175f45e elementor-section-full_width elementor-section-height-default elementor-section-height-default\" data-id=\"175f45e\" data-element_type=\"section\" data-e-type=\"section\">\n\t\t\t\t\t\t<div class=\"elementor-container elementor-column-gap-default\">\n\t\t\t\t\t<div class=\"elementor-column elementor-col-100 elementor-top-column elementor-element elementor-element-9e20c6b\" data-id=\"9e20c6b\" data-element_type=\"column\" data-e-type=\"column\">\n\t\t\t<div class=\"elementor-widget-wrap elementor-element-populated\">\n\t\t\t\t\t\t<div class=\"elementor-element elementor-element-123e487 elementor-widget elementor-widget-video\" data-id=\"123e487\" data-element_type=\"widget\" data-e-type=\"widget\" data-settings=\"{&quot;youtube_url&quot;:&quot;https:\\\/\\\/www.youtube.com\\\/watch?v=zZw6rnGBtOM&quot;,&quot;video_type&quot;:&quot;youtube&quot;,&quot;controls&quot;:&quot;yes&quot;}\" data-widget_type=\"video.default\">\n\t\t\t\t<div class=\"elementor-widget-container\">\n\t\t\t\t\t\t\t<div class=\"elementor-wrapper elementor-open-inline\">\n\t\t\t<div class=\"elementor-video\"><\/div>\t\t<\/div>\n\t\t\t\t\t\t<\/div>\n\t\t\t\t<\/div>\n\t\t\t\t\t<\/div>\n\t\t<\/div>\n\t\t\t\t\t<\/div>\n\t\t<\/section>\n\t\t\t\t<section class=\"elementor-section elementor-top-section elementor-element elementor-element-d3ccb98 elementor-section-full_width elementor-section-height-default elementor-section-height-default\" data-id=\"d3ccb98\" data-element_type=\"section\" data-e-type=\"section\">\n\t\t\t\t\t\t<div class=\"elementor-container elementor-column-gap-no\">\n\t\t\t\t\t<div class=\"elementor-column elementor-col-50 elementor-top-column elementor-element elementor-element-60755eb\" data-id=\"60755eb\" data-element_type=\"column\" data-e-type=\"column\">\n\t\t\t<div class=\"elementor-widget-wrap elementor-element-populated\">\n\t\t\t\t\t\t<div class=\"elementor-element elementor-element-2626292 elementor-widget elementor-widget-beatmove_core_banner\" data-id=\"2626292\" data-element_type=\"widget\" data-e-type=\"widget\" data-widget_type=\"beatmove_core_banner.default\">\n\t\t\t\t<div class=\"elementor-widget-container\">\n\t\t\t\t\t<div class=\"qodef-shortcode qodef-m  qodef-banner qodef-layout--link-overlay qodef-content-vertical-position--top qodef-content-horizontal-position--left qodef-custom-height--enabled   qodef-banner-882  qodef--hover-clip\" style=\"height: 71%\">\n\t<div class=\"qodef-m-image\">\n\t<\/div>\n\t<div class=\"qodef-m-content\">\n\t\t<div class=\"qodef-m-content-inner\" style=\"padding: 45px 57px\">\n\t\t\t\t\t\t\t<h2 class=\"qodef-m-title\" style=\"color: #FFFFFF\">\n\t\tNew start with<br \/> new groups\t<\/h2>\n\t\t\t\t\t<\/div>\n\t<\/div>\n\t<a itemprop=\"url\" href=\"#\" class=\"qodef-m-banner-link\" target=\"_self\"><\/a>\n\n<\/div>\n\t\t\t\t<\/div>\n\t\t\t\t<\/div>\n\t\t\t\t\t<\/div>\n\t\t<\/div>\n\t\t\t\t<div class=\"elementor-column elementor-col-50 elementor-top-column elementor-element elementor-element-177610a\" data-id=\"177610a\" data-element_type=\"column\" data-e-type=\"column\">\n\t\t\t<div class=\"elementor-widget-wrap elementor-element-populated\">\n\t\t\t\t\t\t<div class=\"elementor-element elementor-element-df08f9d elementor-widget elementor-widget-beatmove_core_banner\" data-id=\"df08f9d\" data-element_type=\"widget\" data-e-type=\"widget\" data-widget_type=\"beatmove_core_banner.default\">\n\t\t\t\t<div class=\"elementor-widget-container\">\n\t\t\t\t\t<div class=\"qodef-shortcode qodef-m  qodef-banner qodef-layout--link-overlay qodef-content-vertical-position--top qodef-content-horizontal-position--left qodef-custom-height--enabled   qodef-banner-951  qodef--hover-clip\" style=\"height: 71%\">\n\t<div class=\"qodef-m-image\">\n\t<\/div>\n\t<div class=\"qodef-m-content\">\n\t\t<div class=\"qodef-m-content-inner\" style=\"padding: 45px 57px\">\n\t\t\t\t\t\t\t<h2 class=\"qodef-m-title\" style=\"color: #FFFFFF\">\n\t\tNew season<br \/> soon!\t<\/h2>\n\t\t\t\t\t<\/div>\n\t<\/div>\n\t<a itemprop=\"url\" href=\"#\" class=\"qodef-m-banner-link\" target=\"_self\"><\/a>\n\n<\/div>\n\t\t\t\t<\/div>\n\t\t\t\t<\/div>\n\t\t\t\t\t<\/div>\n\t\t<\/div>\n\t\t\t\t\t<\/div>\n\t\t<\/section>\n\t\t<div class=\"elementor-element elementor-element-18bfca8 e-con-full e-flex e-con e-parent\" data-id=\"18bfca8\" data-element_type=\"container\" data-e-type=\"container\">\n\t\t<div class=\"elementor-element elementor-element-5ec2b9c e-con-full e-flex e-con e-child\" data-id=\"5ec2b9c\" data-element_type=\"container\" data-e-type=\"container\" data-settings=\"{&quot;background_background&quot;:&quot;classic&quot;}\">\n\t\t\t\t<\/div>\n\t\t<div class=\"elementor-element elementor-element-11bcaea e-con-full e-flex e-con e-child\" data-id=\"11bcaea\" data-element_type=\"container\" data-e-type=\"container\">\n\t\t\t\t<div class=\"elementor-element elementor-element-44e0ef6 elementor-widget elementor-widget-text-editor\" data-id=\"44e0ef6\" data-element_type=\"widget\" data-e-type=\"widget\" data-widget_type=\"text-editor.default\">\n\t\t\t\t<div class=\"elementor-widget-container\">\n\t\t\t\t\t\t\t\t\t<p>Cosimo, the central character in Italo Calvino&#8217;s <em>The Baron in the Trees<\/em>, makes the bold decision to reside in trees for the rest of his life.<\/p><p>Motivated by an act of courage and freedom, he observes the world with a fresh perspective, all the while maintaining his connection to earthly affections and his curiosity about humanity.<\/p><p>Inspired by Cosimo&#8217;s unconventional choice, we have decided to stage the company&#8217;s new production in parks, utilizing trees as vertical surfaces for dance.<\/p><p>A circus hoop is arranged as a swing, evoking Cosimo&#8217;s encounter with Viola. A bicycle allows her to traverse the park without touching the ground. The tree-woman and the half-woman half-bird creature redirect the spectator&#8217;s gaze towards the tree canopies, while the snail-woman, moving with deliberate slowness, performs a mysterious and delicate dance on the ground.<\/p><p><span style=\"font-weight: 400;\">The characters on stage converge in the trees, engaging in an energetic dance that conveys a sense of weightlessness\u2014a portrayal of height as home, comfort, and a conscious choice.<\/span><\/p>\t\t\t\t\t\t\t\t<\/div>\n\t\t\t\t<\/div>\n\t\t\t\t<\/div>\n\t\t\t\t<\/div>\n\t\t<div class=\"elementor-element elementor-element-0d083b5 e-con-full e-flex e-con e-parent\" data-id=\"0d083b5\" data-element_type=\"container\" data-e-type=\"container\">\n\t\t<div class=\"elementor-element elementor-element-41b2488 e-con-full e-flex e-con e-child\" data-id=\"41b2488\" data-element_type=\"container\" data-e-type=\"container\">\n\t\t\t\t<div class=\"elementor-element elementor-element-a4242dd elementor-widget elementor-widget-text-editor\" data-id=\"a4242dd\" data-element_type=\"widget\" data-e-type=\"widget\" data-widget_type=\"text-editor.default\">\n\t\t\t\t<div class=\"elementor-widget-container\">\n\t\t\t\t\t\t\t\t\t<p><i><span style=\"font-weight: 400;\">Voltaire fu molto sorpreso, fors&#8217;anche perch\u00e9 il fratello di quel fenomeno appariva persona cos\u00ec normale, e si mise a farmi domande, come: &#8211; Mais c&#8217;est pour approcher du ciel, que votre fr\u00e8re reste l\u00e0-haut? &#8211; Mio fratello sostiene &#8211; risposi &#8211; che chi vuole guardare bene la terra deve tenersi alla distanza necessaria &#8211; e il Voltaire apprezz\u00f2 molto la risposta<\/span><\/i><i><span style=\"font-weight: 400;\">.<\/span><\/i><\/p><p><span style=\"font-weight: 400;\">\u00a0<\/span><span style=\"font-weight: 400;\">Italo Calvino, <\/span><i><span style=\"font-weight: 400;\">Il Barone Rampante<\/span><\/i><\/p>\t\t\t\t\t\t\t\t<\/div>\n\t\t\t\t<\/div>\n\t\t\t\t<\/div>\n\t\t<div class=\"elementor-element elementor-element-0f22d43 e-con-full e-flex e-con e-child\" data-id=\"0f22d43\" data-element_type=\"container\" data-e-type=\"container\" data-settings=\"{&quot;background_background&quot;:&quot;classic&quot;}\">\n\t\t\t\t<\/div>\n\t\t\t\t<\/div>\n\t\t\t\t<\/div>\n\t\t","protected":false},"excerpt":{"rendered":"<p>Vertical Waves Project With Marianna Andrigo, Michela Lorenzano, Valentina Milan, Silvia Zotto Rigging Aldo Aliprandi Production 2021 Duration 30 \/ 40 minutes New start with new groups &nbsp; New season soon! &nbsp; Cosimo, the central character in Italo Calvino&#8217;s The Baron in the Trees, makes the bold decision to reside in trees for the rest [&hellip;]<\/p>\n","protected":false},"author":1,"featured_media":0,"parent":0,"menu_order":0,"comment_status":"closed","ping_status":"closed","template":"page-full-width.php","meta":{"footnotes":""},"class_list":["post-29899","page","type-page","status-publish","hentry"],"yoast_head":"<!-- This site is optimized with the Yoast SEO plugin v27.4 - https:\/\/yoast.com\/product\/yoast-seo-wordpress\/ -->\n<title>\u200bCOSIMO - Vertical Waves Project<\/title>\n<meta name=\"robots\" content=\"index, follow, max-snippet:-1, max-image-preview:large, max-video-preview:-1\" \/>\n<link rel=\"canonical\" href=\"https:\/\/verticalwavesproject.com\/en\/cosimo\/\" \/>\n<meta property=\"og:locale\" content=\"en_US\" \/>\n<meta property=\"og:type\" content=\"article\" \/>\n<meta property=\"og:title\" content=\"\u200bCOSIMO - Vertical Waves Project\" \/>\n<meta property=\"og:description\" content=\"Vertical Waves Project With Marianna Andrigo, Michela Lorenzano, Valentina Milan, Silvia Zotto Rigging Aldo Aliprandi Production 2021 Duration 30 \/ 40 minutes New start with new groups &nbsp; New season soon! &nbsp; Cosimo, the central character in Italo Calvino&#8217;s The Baron in the Trees, makes the bold decision to reside in trees for the rest [&hellip;]\" \/>\n<meta property=\"og:url\" content=\"https:\/\/verticalwavesproject.com\/en\/cosimo\/\" \/>\n<meta property=\"og:site_name\" content=\"Vertical Waves Project\" \/>\n<meta property=\"article:modified_time\" content=\"2024-03-01T11:16:55+00:00\" \/>\n<meta name=\"twitter:card\" content=\"summary_large_image\" \/>\n<meta name=\"twitter:label1\" content=\"Est. reading time\" \/>\n\t<meta name=\"twitter:data1\" content=\"2 minutes\" \/>\n<script type=\"application\/ld+json\" class=\"yoast-schema-graph\">{\"@context\":\"https:\\\/\\\/schema.org\",\"@graph\":[{\"@type\":\"WebPage\",\"@id\":\"https:\\\/\\\/verticalwavesproject.com\\\/en\\\/cosimo\\\/\",\"url\":\"https:\\\/\\\/verticalwavesproject.com\\\/en\\\/cosimo\\\/\",\"name\":\"\u200bCOSIMO - Vertical Waves Project\",\"isPartOf\":{\"@id\":\"https:\\\/\\\/verticalwavesproject.com\\\/en\\\/#website\"},\"datePublished\":\"2024-01-18T15:12:22+00:00\",\"dateModified\":\"2024-03-01T11:16:55+00:00\",\"breadcrumb\":{\"@id\":\"https:\\\/\\\/verticalwavesproject.com\\\/en\\\/cosimo\\\/#breadcrumb\"},\"inLanguage\":\"en-US\",\"potentialAction\":[{\"@type\":\"ReadAction\",\"target\":[\"https:\\\/\\\/verticalwavesproject.com\\\/en\\\/cosimo\\\/\"]}]},{\"@type\":\"BreadcrumbList\",\"@id\":\"https:\\\/\\\/verticalwavesproject.com\\\/en\\\/cosimo\\\/#breadcrumb\",\"itemListElement\":[{\"@type\":\"ListItem\",\"position\":1,\"name\":\"Home\",\"item\":\"https:\\\/\\\/verticalwavesproject.com\\\/en\\\/\"},{\"@type\":\"ListItem\",\"position\":2,\"name\":\"\u200bCOSIMO\"}]},{\"@type\":\"WebSite\",\"@id\":\"https:\\\/\\\/verticalwavesproject.com\\\/en\\\/#website\",\"url\":\"https:\\\/\\\/verticalwavesproject.com\\\/en\\\/\",\"name\":\"Vertical Waves Project\",\"description\":\"\",\"potentialAction\":[{\"@type\":\"SearchAction\",\"target\":{\"@type\":\"EntryPoint\",\"urlTemplate\":\"https:\\\/\\\/verticalwavesproject.com\\\/en\\\/?s={search_term_string}\"},\"query-input\":{\"@type\":\"PropertyValueSpecification\",\"valueRequired\":true,\"valueName\":\"search_term_string\"}}],\"inLanguage\":\"en-US\"}]}<\/script>\n<!-- \/ Yoast SEO plugin. -->","yoast_head_json":{"title":"\u200bCOSIMO - Vertical Waves Project","robots":{"index":"index","follow":"follow","max-snippet":"max-snippet:-1","max-image-preview":"max-image-preview:large","max-video-preview":"max-video-preview:-1"},"canonical":"https:\/\/verticalwavesproject.com\/en\/cosimo\/","og_locale":"en_US","og_type":"article","og_title":"\u200bCOSIMO - Vertical Waves Project","og_description":"Vertical Waves Project With Marianna Andrigo, Michela Lorenzano, Valentina Milan, Silvia Zotto Rigging Aldo Aliprandi Production 2021 Duration 30 \/ 40 minutes New start with new groups &nbsp; New season soon! &nbsp; Cosimo, the central character in Italo Calvino&#8217;s The Baron in the Trees, makes the bold decision to reside in trees for the rest [&hellip;]","og_url":"https:\/\/verticalwavesproject.com\/en\/cosimo\/","og_site_name":"Vertical Waves Project","article_modified_time":"2024-03-01T11:16:55+00:00","twitter_card":"summary_large_image","twitter_misc":{"Est. reading time":"2 minutes"},"schema":{"@context":"https:\/\/schema.org","@graph":[{"@type":"WebPage","@id":"https:\/\/verticalwavesproject.com\/en\/cosimo\/","url":"https:\/\/verticalwavesproject.com\/en\/cosimo\/","name":"\u200bCOSIMO - Vertical Waves Project","isPartOf":{"@id":"https:\/\/verticalwavesproject.com\/en\/#website"},"datePublished":"2024-01-18T15:12:22+00:00","dateModified":"2024-03-01T11:16:55+00:00","breadcrumb":{"@id":"https:\/\/verticalwavesproject.com\/en\/cosimo\/#breadcrumb"},"inLanguage":"en-US","potentialAction":[{"@type":"ReadAction","target":["https:\/\/verticalwavesproject.com\/en\/cosimo\/"]}]},{"@type":"BreadcrumbList","@id":"https:\/\/verticalwavesproject.com\/en\/cosimo\/#breadcrumb","itemListElement":[{"@type":"ListItem","position":1,"name":"Home","item":"https:\/\/verticalwavesproject.com\/en\/"},{"@type":"ListItem","position":2,"name":"\u200bCOSIMO"}]},{"@type":"WebSite","@id":"https:\/\/verticalwavesproject.com\/en\/#website","url":"https:\/\/verticalwavesproject.com\/en\/","name":"Vertical Waves Project","description":"","potentialAction":[{"@type":"SearchAction","target":{"@type":"EntryPoint","urlTemplate":"https:\/\/verticalwavesproject.com\/en\/?s={search_term_string}"},"query-input":{"@type":"PropertyValueSpecification","valueRequired":true,"valueName":"search_term_string"}}],"inLanguage":"en-US"}]}},"_links":{"self":[{"href":"https:\/\/verticalwavesproject.com\/en\/wp-json\/wp\/v2\/pages\/29899","targetHints":{"allow":["GET"]}}],"collection":[{"href":"https:\/\/verticalwavesproject.com\/en\/wp-json\/wp\/v2\/pages"}],"about":[{"href":"https:\/\/verticalwavesproject.com\/en\/wp-json\/wp\/v2\/types\/page"}],"author":[{"embeddable":true,"href":"https:\/\/verticalwavesproject.com\/en\/wp-json\/wp\/v2\/users\/1"}],"replies":[{"embeddable":true,"href":"https:\/\/verticalwavesproject.com\/en\/wp-json\/wp\/v2\/comments?post=29899"}],"version-history":[{"count":4,"href":"https:\/\/verticalwavesproject.com\/en\/wp-json\/wp\/v2\/pages\/29899\/revisions"}],"predecessor-version":[{"id":29903,"href":"https:\/\/verticalwavesproject.com\/en\/wp-json\/wp\/v2\/pages\/29899\/revisions\/29903"}],"wp:attachment":[{"href":"https:\/\/verticalwavesproject.com\/en\/wp-json\/wp\/v2\/media?parent=29899"}],"curies":[{"name":"wp","href":"https:\/\/api.w.org\/{rel}","templated":true}]}}